{"id":2020,"date":"2023-12-01T10:35:33","date_gmt":"2023-12-01T10:35:33","guid":{"rendered":"https:\/\/vizual.me\/izjava-o-privatnosti\/"},"modified":"2024-11-30T19:36:03","modified_gmt":"2024-11-30T19:36:03","slug":"privacy-statement","status":"publish","type":"page","link":"https:\/\/vizual.me\/en\/privacy-statement\/","title":{"rendered":"Privacy Statement"},"content":{"rendered":"\t\t<div data-elementor-type=\"wp-page\" data-elementor-id=\"2020\" class=\"elementor elementor-2020 elementor-1326\" data-elementor-post-type=\"page\">\n\t\t\t\t\t\t<section class=\"elementor-section elementor-top-section elementor-element elementor-element-b55a9ad elementor-section-boxed elementor-section-height-default elementor-section-height-default\" data-id=\"b55a9ad\" data-element_type=\"section\" data-e-type=\"section\" data-settings=\"{&quot;background_background&quot;:&quot;classic&quot;}\">\n\t\t\t\t\t\t<div class=\"elementor-container elementor-column-gap-default\">\n\t\t\t\t\t<div class=\"elementor-column elementor-col-100 elementor-top-column elementor-element elementor-element-8f9b57a\" data-id=\"8f9b57a\" data-element_type=\"column\" data-e-type=\"column\">\n\t\t\t<div class=\"elementor-widget-wrap elementor-element-populated\">\n\t\t\t\t\t\t<div class=\"elementor-element elementor-element-70c551f elementor-invisible elementor-widget elementor-widget-heading\" data-id=\"70c551f\" data-element_type=\"widget\" data-e-type=\"widget\" data-settings=\"{&quot;_animation&quot;:&quot;slideInDown&quot;}\" data-widget_type=\"heading.default\">\n\t\t\t\t<div class=\"elementor-widget-container\">\n\t\t\t\t\t<h2 class=\"elementor-heading-title elementor-size-default\">Privacy Statement<\/h2>\t\t\t\t<\/div>\n\t\t\t\t<\/div>\n\t\t\t\t<div class=\"elementor-element elementor-element-dbb370a elementor-widget__width-initial elementor-widget-divider--view-line elementor-widget elementor-widget-divider\" data-id=\"dbb370a\" data-element_type=\"widget\" data-e-type=\"widget\" data-widget_type=\"divider.default\">\n\t\t\t\t<div class=\"elementor-widget-container\">\n\t\t\t\t\t\t\t<div class=\"elementor-divider\">\n\t\t\t<span class=\"elementor-divider-separator\">\n\t\t\t\t\t\t<\/span>\n\t\t<\/div>\n\t\t\t\t\t\t<\/div>\n\t\t\t\t<\/div>\n\t\t\t\t<div class=\"elementor-element elementor-element-ebfd99e elementor-widget__width-initial elementor-widget elementor-widget-text-editor\" data-id=\"ebfd99e\" data-element_type=\"widget\" data-e-type=\"widget\" data-widget_type=\"text-editor.default\">\n\t\t\t\t<div class=\"elementor-widget-container\">\n\t\t\t\t\t\t\t\t\t<p>We are committed to safeguarding the confidentiality of your personal data. We do not sell, borrow, or rent your data to third parties, and we will not disclose your personal information to any third party, individual, government agency, or company without legal basis.<\/p><p>Within this Privacy Policy, we inform you about how we handle personal data and what rights you have under the General Data Protection Regulation (GDPR) &#8211; Regulation (EU) 2016\/679 of the European Parliament and of the Council of 27 April 2016 on the protection of natural persons concerning the processing of personal data and on the free movement of such data, and repealing Directive 95\/46\/EC.<\/p>\t\t\t\t\t\t\t\t<\/div>\n\t\t\t\t<\/div>\n\t\t\t\t\t<\/div>\n\t\t<\/div>\n\t\t\t\t\t<\/div>\n\t\t<\/section>\n\t\t\t\t<section class=\"elementor-section elementor-top-section elementor-element elementor-element-59809f8 elementor-section-boxed elementor-section-height-default elementor-section-height-default\" data-id=\"59809f8\" data-element_type=\"section\" data-e-type=\"section\" data-settings=\"{&quot;background_background&quot;:&quot;classic&quot;}\">\n\t\t\t\t\t\t<div class=\"elementor-container elementor-column-gap-default\">\n\t\t\t\t\t<div class=\"elementor-column elementor-col-100 elementor-top-column elementor-element elementor-element-ea017f0\" data-id=\"ea017f0\" data-element_type=\"column\" data-e-type=\"column\">\n\t\t\t<div class=\"elementor-widget-wrap elementor-element-populated\">\n\t\t\t\t\t\t<div class=\"elementor-element elementor-element-547c8cd elementor-widget elementor-widget-heading\" data-id=\"547c8cd\" data-element_type=\"widget\" data-e-type=\"widget\" data-widget_type=\"heading.default\">\n\t\t\t\t<div class=\"elementor-widget-container\">\n\t\t\t\t\t<h2 class=\"elementor-heading-title elementor-size-default\">Privacy Policy<\/h2>\t\t\t\t<\/div>\n\t\t\t\t<\/div>\n\t\t\t\t<div class=\"elementor-element elementor-element-ec7fdfa elementor-widget__width-initial elementor-widget elementor-widget-text-editor\" data-id=\"ec7fdfa\" data-element_type=\"widget\" data-e-type=\"widget\" data-widget_type=\"text-editor.default\">\n\t\t\t\t<div class=\"elementor-widget-container\">\n\t\t\t\t\t\t\t\t\t<p>By using the website of Annex d.o.o., operating under the trade name Vizual (hereinafter referred to as &#8220;Vizual&#8221;), along with all associated pages and services, users are deemed to be fully informed about this privacy policy and to fully understand and accept its terms at all times.<\/p>\t\t\t\t\t\t\t\t<\/div>\n\t\t\t\t<\/div>\n\t\t\t\t<div class=\"elementor-element elementor-element-f5c2c03 elementor-widget elementor-widget-heading\" data-id=\"f5c2c03\" data-element_type=\"widget\" data-e-type=\"widget\" data-widget_type=\"heading.default\">\n\t\t\t\t<div class=\"elementor-widget-container\">\n\t\t\t\t\t<h2 class=\"elementor-heading-title elementor-size-default\">Content of the Privacy Policy<\/h2>\t\t\t\t<\/div>\n\t\t\t\t<\/div>\n\t\t\t\t<div class=\"elementor-element elementor-element-0cb5533 elementor-widget__width-initial elementor-widget elementor-widget-text-editor\" data-id=\"0cb5533\" data-element_type=\"widget\" data-e-type=\"widget\" data-widget_type=\"text-editor.default\">\n\t\t\t\t<div class=\"elementor-widget-container\">\n\t\t\t\t\t\t\t\t\t<p>Vizual will handle your personal data in accordance with the General Data Protection Regulation 2016\/679\/EU (GDPR) and the Act on the Implementation of the General Data Protection Regulation (&amp;quot;Narodne novine&amp;quot;, No. 42\/18), applying appropriate technical and security measures to protect personal data from unauthorized access, misuse, disclosure, loss, or destruction.<\/p><p>We protect the privacy of our users and website visitors, allowing access and disclosure of personal data only to employees who need it for their business activities and to third parties only in cases explicitly prescribed by law.<\/p><p>We do not sell, rent, or make your email address and other data available to third legal and physical persons without your consent.<\/p><p>Vizual will not send you unsolicited emails. Vizual is not responsible for accidental errors or errors due to force majeure or other objective circumstances causing accidental breaches of guaranteed data protection. Still, we guarantee that the error will be rectified, if possible, as soon as possible.<\/p><p>For possible damage to computers caused by downloading files from this website or websites readers access via a link from this website, Vizual is not responsible.<\/p>\t\t\t\t\t\t\t\t<\/div>\n\t\t\t\t<\/div>\n\t\t\t\t<div class=\"elementor-element elementor-element-a9185dc elementor-widget elementor-widget-heading\" data-id=\"a9185dc\" data-element_type=\"widget\" data-e-type=\"widget\" data-widget_type=\"heading.default\">\n\t\t\t\t<div class=\"elementor-widget-container\">\n\t\t\t\t\t<h2 class=\"elementor-heading-title elementor-size-default\">Data Confidentiality<\/h2>\t\t\t\t<\/div>\n\t\t\t\t<\/div>\n\t\t\t\t<div class=\"elementor-element elementor-element-9e71a38 elementor-widget__width-initial elementor-widget elementor-widget-text-editor\" data-id=\"9e71a38\" data-element_type=\"widget\" data-e-type=\"widget\" data-widget_type=\"text-editor.default\">\n\t\t\t\t<div class=\"elementor-widget-container\">\n\t\t\t\t\t\t\t\t\t<p>We want to make it clear that when visiting these pages, your personal data remains confidential. We undertake not to disclose the data we receive to third parties, except in cases specified in the previous chapter.<\/p>\t\t\t\t\t\t\t\t<\/div>\n\t\t\t\t<\/div>\n\t\t\t\t<div class=\"elementor-element elementor-element-9aa94a8 elementor-widget elementor-widget-heading\" data-id=\"9aa94a8\" data-element_type=\"widget\" data-e-type=\"widget\" data-widget_type=\"heading.default\">\n\t\t\t\t<div class=\"elementor-widget-container\">\n\t\t\t\t\t<h2 class=\"elementor-heading-title elementor-size-default\">Email Communication<\/h2>\t\t\t\t<\/div>\n\t\t\t\t<\/div>\n\t\t\t\t<div class=\"elementor-element elementor-element-5c1768b elementor-widget__width-initial elementor-widget elementor-widget-text-editor\" data-id=\"5c1768b\" data-element_type=\"widget\" data-e-type=\"widget\" data-widget_type=\"text-editor.default\">\n\t\t\t\t<div class=\"elementor-widget-container\">\n\t\t\t\t\t\t\t\t\t<p>When you send us an email with personal data that can identify you, either by email with a question or comment, or by a form you send us by email, we use that data to fulfill your requests.<\/p>\t\t\t\t\t\t\t\t<\/div>\n\t\t\t\t<\/div>\n\t\t\t\t<div class=\"elementor-element elementor-element-b9d035b elementor-widget elementor-widget-heading\" data-id=\"b9d035b\" data-element_type=\"widget\" data-e-type=\"widget\" data-widget_type=\"heading.default\">\n\t\t\t\t<div class=\"elementor-widget-container\">\n\t\t\t\t\t<h2 class=\"elementor-heading-title elementor-size-default\">Control<\/h2>\t\t\t\t<\/div>\n\t\t\t\t<\/div>\n\t\t\t\t<div class=\"elementor-element elementor-element-f7cf8b2 elementor-widget__width-initial elementor-widget elementor-widget-text-editor\" data-id=\"f7cf8b2\" data-element_type=\"widget\" data-e-type=\"widget\" data-widget_type=\"text-editor.default\">\n\t\t\t\t<div class=\"elementor-widget-container\">\n\t\t\t\t\t\t\t\t\t<p>You can request a review of all personal data we have received from you at any time. At your request, we can update, correct, or delete your data, or cease using that data in the future, by sending an email to: toni.nikolic@vizual.me.<\/p>\t\t\t\t\t\t\t\t<\/div>\n\t\t\t\t<\/div>\n\t\t\t\t<div class=\"elementor-element elementor-element-14b8407 elementor-widget elementor-widget-heading\" data-id=\"14b8407\" data-element_type=\"widget\" data-e-type=\"widget\" data-widget_type=\"heading.default\">\n\t\t\t\t<div class=\"elementor-widget-container\">\n\t\t\t\t\t<h2 class=\"elementor-heading-title elementor-size-default\">Links<\/h2>\t\t\t\t<\/div>\n\t\t\t\t<\/div>\n\t\t\t\t<div class=\"elementor-element elementor-element-615c505 elementor-widget__width-initial elementor-widget elementor-widget-text-editor\" data-id=\"615c505\" data-element_type=\"widget\" data-e-type=\"widget\" data-widget_type=\"text-editor.default\">\n\t\t\t\t<div class=\"elementor-widget-container\">\n\t\t\t\t\t\t\t\t\t<p>We do everything in our power to ensure that all redirects from our websites point to websites that do not contain illegal and\/or harmful content. However, websites and addresses on the web change rapidly, and we cannot always guarantee the content of each address we direct you to.<\/p>\t\t\t\t\t\t\t\t<\/div>\n\t\t\t\t<\/div>\n\t\t\t\t<div class=\"elementor-element elementor-element-f1e45b2 elementor-widget elementor-widget-heading\" data-id=\"f1e45b2\" data-element_type=\"widget\" data-e-type=\"widget\" data-widget_type=\"heading.default\">\n\t\t\t\t<div class=\"elementor-widget-container\">\n\t\t\t\t\t<h2 class=\"elementor-heading-title elementor-size-default\">Changes and Termination of Terms of Use<\/h2>\t\t\t\t<\/div>\n\t\t\t\t<\/div>\n\t\t\t\t<div class=\"elementor-element elementor-element-3563dfa elementor-widget__width-initial elementor-widget elementor-widget-text-editor\" data-id=\"3563dfa\" data-element_type=\"widget\" data-e-type=\"widget\" data-widget_type=\"text-editor.default\">\n\t\t\t\t<div class=\"elementor-widget-container\">\n\t\t\t\t\t\t\t\t\t<p>Vizual reserves the right to change or terminate all or any part of this website and terms of use at any time. Changes take effect by posting on this address.<\/p>\t\t\t\t\t\t\t\t<\/div>\n\t\t\t\t<\/div>\n\t\t\t\t<div class=\"elementor-element elementor-element-d8ceb14 elementor-widget elementor-widget-heading\" data-id=\"d8ceb14\" data-element_type=\"widget\" data-e-type=\"widget\" data-widget_type=\"heading.default\">\n\t\t\t\t<div class=\"elementor-widget-container\">\n\t\t\t\t\t<h2 class=\"elementor-heading-title elementor-size-default\">Collection and Processing<\/h2>\t\t\t\t<\/div>\n\t\t\t\t<\/div>\n\t\t\t\t<div class=\"elementor-element elementor-element-ab144df elementor-widget__width-initial elementor-widget elementor-widget-text-editor\" data-id=\"ab144df\" data-element_type=\"widget\" data-e-type=\"widget\" data-widget_type=\"text-editor.default\">\n\t\t\t\t<div class=\"elementor-widget-container\">\n\t\t\t\t\t\t\t\t\t<p>Your personal data may be collected for the purpose for which you are familiar, explicitly stated, and in accordance with the law. To make your visit to this website more pleasant, functional, and practical, this website stores on your computer a certain amount of information, so-called<br \/>cookies. What are &#8220;cookies&#8221;?<\/p>\t\t\t\t\t\t\t\t<\/div>\n\t\t\t\t<\/div>\n\t\t\t\t<div class=\"elementor-element elementor-element-09b879b elementor-invisible elementor-widget elementor-widget-heading\" data-id=\"09b879b\" data-element_type=\"widget\" data-e-type=\"widget\" id=\"kolacici\" data-settings=\"{&quot;_animation&quot;:&quot;slideInDown&quot;}\" data-widget_type=\"heading.default\">\n\t\t\t\t<div class=\"elementor-widget-container\">\n\t\t\t\t\t<h2 class=\"elementor-heading-title elementor-size-default\">Cookies<\/h2>\t\t\t\t<\/div>\n\t\t\t\t<\/div>\n\t\t\t\t<div class=\"elementor-element elementor-element-335101d elementor-widget__width-initial elementor-widget-divider--view-line elementor-widget elementor-widget-divider\" data-id=\"335101d\" data-element_type=\"widget\" data-e-type=\"widget\" data-widget_type=\"divider.default\">\n\t\t\t\t<div class=\"elementor-widget-container\">\n\t\t\t\t\t\t\t<div class=\"elementor-divider\">\n\t\t\t<span class=\"elementor-divider-separator\">\n\t\t\t\t\t\t<\/span>\n\t\t<\/div>\n\t\t\t\t\t\t<\/div>\n\t\t\t\t<\/div>\n\t\t\t\t<div class=\"elementor-element elementor-element-116c1c0 elementor-widget__width-initial elementor-widget elementor-widget-text-editor\" data-id=\"116c1c0\" data-element_type=\"widget\" data-e-type=\"widget\" data-widget_type=\"text-editor.default\">\n\t\t\t\t<div class=\"elementor-widget-container\">\n\t\t\t\t\t\t\t\t\t<p>Our websites you visit use cookies. Cookies are considered small files temporarily stored on your hard drive, allowing our website to recognize your computer on your next visit to the Visual page.<\/p><p>These tools can collect and store technical data such as cookies, user IP address, and\/or visitor, mobile device identifier, browser data, and the like, but do not identify the person.<\/p><p>Cookies stored serve for analytical and statistical purposes and for the functioning of all features of the website and a better user experience. These cookies can be permanent cookies that remain stored on the user&#8217;s computer even after visiting and temporary cookies that are stored only during a visit to the page.<\/p><p>Depending on the settings of your internet browser, cookies can be automatically accepted. If you do not agree to their use, you can easily delete cookies and\/or permanently disable them on your computer or mobile device using the browser settings you use at any time.<\/p><p>For more information on managing cookies, refer to the pages of the browser you are using. Note that the purpose of cookies is to improve and enable the use of our website, and by preventing or deleting cookies, you may disable the operation of features on our website or cause a different operation and appearance in your browser.<\/p><p>To collect data about website visits, we use Google Analytics.<\/p><p>Navedeni alati mogu prikupljati i pohranjivati tehni\u010dke podatke kao \u0161to su kola\u010di\u0107i, IP adresa korisnika i\/ili posjetitelja, identifikator mobilnog ure\u0111aja, podatke o pregledniku i sli\u010dno, ali pritom ne identificiraju osobu.<\/p><p>Kola\u010di\u0107i koji se pohranjuju slu\u017ee u analiti\u010dke i statisti\u010dke svrhe i za funkcioniranje svih zna\u010dajki internetske strance i boljeg korisni\u010dkog iskustva. Ti kola\u010di\u0107i mogu biti stalni kola\u010di\u0107 koji na ra\u010dunalu korisnika ostaju pohranjeni i nakon posjeta te privremeni kola\u010di\u0107i koji se pohranjuju samo tijekom posjeta stranici.<\/p><p>Ovisno o postavkama na Va\u0161em internetskom pretra\u017eiva\u010du, kola\u010di\u0107i se mogu automatski prihva\u0107ati. Ako niste suglasni njihovom upotrebom, kola\u010di\u0107e mo\u017eete u bilo kojem trenutku lako izbrisati i\/ili trajno isklju\u010diti na va\u0161em ra\u010dunalu ili mobilnom ure\u0111aju pomo\u0107u postavki preglednika kojim se koristite.<\/p><p>Vi\u0161e informacija o upravljanju kola\u010di\u0107ima potra\u017eite na stranicama preglednika kojim se koristite. Napominjemo kako je svrha kola\u010di\u0107a pobolj\u0161anje i omogu\u0107ivanje upotrebe na\u0161e internet stranice te sprje\u010davanjem ili brisanjem kola\u010di\u0107a mo\u017eete onemogu\u0107iti funkcioniranje zna\u010dajki na\u0161e internet stranica ili uzrokovati druga\u010diji rad i izgled u va\u0161em pregledniku.<\/p><p>U svrhu prikupljanja podataka o posje\u0107enosti web stranice koristimo Google Analytics.<\/p>\t\t\t\t\t\t\t\t<\/div>\n\t\t\t\t<\/div>\n\t\t\t\t<div class=\"elementor-element elementor-element-ab032bc elementor-widget elementor-widget-heading\" data-id=\"ab032bc\" data-element_type=\"widget\" data-e-type=\"widget\" data-widget_type=\"heading.default\">\n\t\t\t\t<div class=\"elementor-widget-container\">\n\t\t\t\t\t<h2 class=\"elementor-heading-title elementor-size-default\">Use of Cookies<\/h2>\t\t\t\t<\/div>\n\t\t\t\t<\/div>\n\t\t\t\t<div class=\"elementor-element elementor-element-50de4c0 elementor-widget__width-initial elementor-widget elementor-widget-text-editor\" data-id=\"50de4c0\" data-element_type=\"widget\" data-e-type=\"widget\" data-widget_type=\"text-editor.default\">\n\t\t\t\t<div class=\"elementor-widget-container\">\n\t\t\t\t\t\t\t\t\t<p>This website and its online services may use cookies to improve services. The decision to allow the use of cookies on the website is entirely yours. It should be noted that the website functions optimally only if the use of cookies is enabled.<\/p><p>To use &#8220;cookies&#8221; in accordance with the Law on Electronic Communications, the Law on Personal Data Protection, EU Directives 2002\/58\/EC and 95\/46\/EC, and the GDPR directive, we need your consent.<\/p>\t\t\t\t\t\t\t\t<\/div>\n\t\t\t\t<\/div>\n\t\t\t\t<div class=\"elementor-element elementor-element-6a968d8 elementor-widget elementor-widget-heading\" data-id=\"6a968d8\" data-element_type=\"widget\" data-e-type=\"widget\" data-widget_type=\"heading.default\">\n\t\t\t\t<div class=\"elementor-widget-container\">\n\t\t\t\t\t<h2 class=\"elementor-heading-title elementor-size-default\">How to Accept or Reject Cookies<\/h2>\t\t\t\t<\/div>\n\t\t\t\t<\/div>\n\t\t\t\t<div class=\"elementor-element elementor-element-fafc910 elementor-widget__width-initial elementor-widget elementor-widget-text-editor\" data-id=\"fafc910\" data-element_type=\"widget\" data-e-type=\"widget\" data-widget_type=\"text-editor.default\">\n\t\t\t\t<div class=\"elementor-widget-container\">\n\t\t\t\t\t\t\t\t\t<p>You can always block the use of some or all cookies we use on our website, but this can affect its functionality.<\/p><p>The cookie settings framework is at the bottom of this page. After selecting settings, you can reset cookie settings at any time also at the bottom of this page.<\/p><p>Additionally, you can accept or reject some or all cookies by adjusting your browser settings. On the following links, you can find information on how to change settings for some of the most commonly used web browsers: Mozilla Firefox, Google Chrome, Microsoft Internet Explorer, Apple Safari, Opera. Some browsers allow you to surf in &#8220;anonymous&#8221; mode, limiting the amount of data set on your computer and automatically deleting persistent cookies set on your device when you end your browsing session. There are also many third-party applications you can add to your browser to block or manage cookies. You can also delete cookies that have previously been set in your browser by selecting the option to delete browsing history, including deleting cookies.<\/p>\t\t\t\t\t\t\t\t<\/div>\n\t\t\t\t<\/div>\n\t\t\t\t\t<\/div>\n\t\t<\/div>\n\t\t\t\t\t<\/div>\n\t\t<\/section>\n\t\t\t\t<\/div>\n\t\t","protected":false},"excerpt":{"rendered":"<p>Privacy Statement We are committed to safeguarding the confidentiality of your personal data. We do not sell, borrow, or rent your data to third parties, and we will not disclose your personal information to any third party, individual, government agency, or company without legal basis. Within this Privacy Policy, we inform you about how we [&hellip;]<\/p>\n","protected":false},"author":1,"featured_media":0,"parent":0,"menu_order":0,"comment_status":"closed","ping_status":"closed","template":"","meta":{"footnotes":""},"class_list":["post-2020","page","type-page","status-publish","hentry"],"yoast_head":"<!-- This site is optimized with the Yoast SEO plugin v26.8 - https:\/\/yoast.com\/product\/yoast-seo-wordpress\/ -->\n<title>Privacy Statement - Vizual<\/title>\n<meta name=\"robots\" content=\"index, follow, max-snippet:-1, max-image-preview:large, max-video-preview:-1\" \/>\n<link rel=\"canonical\" href=\"https:\/\/vizual.me\/izjava-o-privatnosti\/\" \/>\n<meta property=\"og:locale\" content=\"en_US\" \/>\n<meta property=\"og:type\" content=\"article\" \/>\n<meta property=\"og:title\" content=\"Privacy Statement - Vizual\" \/>\n<meta property=\"og:description\" content=\"Privacy Statement We are committed to safeguarding the confidentiality of your personal data. We do not sell, borrow, or rent your data to third parties, and we will not disclose your personal information to any third party, individual, government agency, or company without legal basis. Within this Privacy Policy, we inform you about how we [&hellip;]\" \/>\n<meta property=\"og:url\" content=\"https:\/\/vizual.me\/izjava-o-privatnosti\/\" \/>\n<meta property=\"og:site_name\" content=\"Vizual\" \/>\n<meta property=\"article:modified_time\" content=\"2024-11-30T19:36:03+00:00\" \/>\n<meta name=\"twitter:card\" content=\"summary_large_image\" \/>\n<meta name=\"twitter:label1\" content=\"Est. reading time\" \/>\n\t<meta name=\"twitter:data1\" content=\"6 minutes\" \/>\n<script type=\"application\/ld+json\" class=\"yoast-schema-graph\">{\"@context\":\"https:\/\/schema.org\",\"@graph\":[{\"@type\":\"WebPage\",\"@id\":\"https:\/\/vizual.me\/izjava-o-privatnosti\/\",\"url\":\"https:\/\/vizual.me\/izjava-o-privatnosti\/\",\"name\":\"Privacy Statement - Vizual\",\"isPartOf\":{\"@id\":\"https:\/\/vizual.me\/#website\"},\"datePublished\":\"2023-12-01T10:35:33+00:00\",\"dateModified\":\"2024-11-30T19:36:03+00:00\",\"breadcrumb\":{\"@id\":\"https:\/\/vizual.me\/izjava-o-privatnosti\/#breadcrumb\"},\"inLanguage\":\"en-US\",\"potentialAction\":[{\"@type\":\"ReadAction\",\"target\":[\"https:\/\/vizual.me\/izjava-o-privatnosti\/\"]}]},{\"@type\":\"BreadcrumbList\",\"@id\":\"https:\/\/vizual.me\/izjava-o-privatnosti\/#breadcrumb\",\"itemListElement\":[{\"@type\":\"ListItem\",\"position\":1,\"name\":\"Po\u010detna stranica\",\"item\":\"https:\/\/vizual.me\/en\/\"},{\"@type\":\"ListItem\",\"position\":2,\"name\":\"Privacy Statement\"}]},{\"@type\":\"WebSite\",\"@id\":\"https:\/\/vizual.me\/#website\",\"url\":\"https:\/\/vizual.me\/\",\"name\":\"Vizual\",\"description\":\"\",\"potentialAction\":[{\"@type\":\"SearchAction\",\"target\":{\"@type\":\"EntryPoint\",\"urlTemplate\":\"https:\/\/vizual.me\/?s={search_term_string}\"},\"query-input\":{\"@type\":\"PropertyValueSpecification\",\"valueRequired\":true,\"valueName\":\"search_term_string\"}}],\"inLanguage\":\"en-US\"}]}<\/script>\n<!-- \/ Yoast SEO plugin. -->","yoast_head_json":{"title":"Privacy Statement - Vizual","robots":{"index":"index","follow":"follow","max-snippet":"max-snippet:-1","max-image-preview":"max-image-preview:large","max-video-preview":"max-video-preview:-1"},"canonical":"https:\/\/vizual.me\/izjava-o-privatnosti\/","og_locale":"en_US","og_type":"article","og_title":"Privacy Statement - Vizual","og_description":"Privacy Statement We are committed to safeguarding the confidentiality of your personal data. We do not sell, borrow, or rent your data to third parties, and we will not disclose your personal information to any third party, individual, government agency, or company without legal basis. Within this Privacy Policy, we inform you about how we [&hellip;]","og_url":"https:\/\/vizual.me\/izjava-o-privatnosti\/","og_site_name":"Vizual","article_modified_time":"2024-11-30T19:36:03+00:00","twitter_card":"summary_large_image","twitter_misc":{"Est. reading time":"6 minutes"},"schema":{"@context":"https:\/\/schema.org","@graph":[{"@type":"WebPage","@id":"https:\/\/vizual.me\/izjava-o-privatnosti\/","url":"https:\/\/vizual.me\/izjava-o-privatnosti\/","name":"Privacy Statement - Vizual","isPartOf":{"@id":"https:\/\/vizual.me\/#website"},"datePublished":"2023-12-01T10:35:33+00:00","dateModified":"2024-11-30T19:36:03+00:00","breadcrumb":{"@id":"https:\/\/vizual.me\/izjava-o-privatnosti\/#breadcrumb"},"inLanguage":"en-US","potentialAction":[{"@type":"ReadAction","target":["https:\/\/vizual.me\/izjava-o-privatnosti\/"]}]},{"@type":"BreadcrumbList","@id":"https:\/\/vizual.me\/izjava-o-privatnosti\/#breadcrumb","itemListElement":[{"@type":"ListItem","position":1,"name":"Po\u010detna stranica","item":"https:\/\/vizual.me\/en\/"},{"@type":"ListItem","position":2,"name":"Privacy Statement"}]},{"@type":"WebSite","@id":"https:\/\/vizual.me\/#website","url":"https:\/\/vizual.me\/","name":"Vizual","description":"","potentialAction":[{"@type":"SearchAction","target":{"@type":"EntryPoint","urlTemplate":"https:\/\/vizual.me\/?s={search_term_string}"},"query-input":{"@type":"PropertyValueSpecification","valueRequired":true,"valueName":"search_term_string"}}],"inLanguage":"en-US"}]}},"_links":{"self":[{"href":"https:\/\/vizual.me\/en\/wp-json\/wp\/v2\/pages\/2020","targetHints":{"allow":["GET"]}}],"collection":[{"href":"https:\/\/vizual.me\/en\/wp-json\/wp\/v2\/pages"}],"about":[{"href":"https:\/\/vizual.me\/en\/wp-json\/wp\/v2\/types\/page"}],"author":[{"embeddable":true,"href":"https:\/\/vizual.me\/en\/wp-json\/wp\/v2\/users\/1"}],"replies":[{"embeddable":true,"href":"https:\/\/vizual.me\/en\/wp-json\/wp\/v2\/comments?post=2020"}],"version-history":[{"count":11,"href":"https:\/\/vizual.me\/en\/wp-json\/wp\/v2\/pages\/2020\/revisions"}],"predecessor-version":[{"id":2541,"href":"https:\/\/vizual.me\/en\/wp-json\/wp\/v2\/pages\/2020\/revisions\/2541"}],"wp:attachment":[{"href":"https:\/\/vizual.me\/en\/wp-json\/wp\/v2\/media?parent=2020"}],"curies":[{"name":"wp","href":"https:\/\/api.w.org\/{rel}","templated":true}]}}